{"id":23,"date":"2025-01-17T09:03:24","date_gmt":"2025-01-17T09:03:24","guid":{"rendered":"https:\/\/meteogeek.com\/?page_id=23"},"modified":"2025-05-02T09:22:13","modified_gmt":"2025-05-02T09:22:13","slug":"homepage","status":"publish","type":"page","link":"https:\/\/meteogeek.com\/en\/","title":{"rendered":"Homepage"},"content":{"rendered":"<div class=\"wp-block-group alignfull has-global-padding is-layout-constrained wp-container-core-group-is-layout-0c9c989a wp-block-group-is-layout-constrained\" style=\"min-height:0vh;margin-top:0;margin-bottom:0;padding-top:var(--wp--preset--spacing--70);padding-right:var(--wp--preset--spacing--40);padding-bottom:var(--wp--preset--spacing--70);padding-left:var(--wp--preset--spacing--40)\">\n<div class=\"wp-block-group has-global-padding is-layout-constrained wp-container-core-group-is-layout-346627ba wp-block-group-is-layout-constrained\">\n<h2 class=\"wp-block-heading has-text-align-center has-xx-large-font-size\" style=\"margin-right:0;margin-left:0;padding-right:0;padding-left:0\">Meteogeek<\/h2>\n\n\n\n<p class=\"has-text-align-center\">Espacio donde la pasi\u00f3n por la meteorolog\u00eda se cruza con la tecnolog\u00eda, dirigido a entusiastas, profesionales y curiosos que quieren aprender, explorar e innovar.<\/p>\n\n\n\n<div class=\"wp-block-buttons is-content-justification-center is-layout-flex wp-container-core-buttons-is-layout-a89b3969 wp-block-buttons-is-layout-flex\">\n<div class=\"wp-block-button\"><a class=\"wp-block-button__link wp-element-button\">Saber m\u00e1s<\/a><\/div>\n<\/div>\n<\/div>\n<\/div>\n\n\n\n<div class=\"wp-block-group alignfull is-style-section-1 has-global-padding is-layout-constrained wp-block-group-is-layout-constrained is-style-section-1--1\" style=\"margin-top:0;margin-bottom:0;padding-top:var(--wp--preset--spacing--80);padding-bottom:var(--wp--preset--spacing--80)\">\n<div class=\"wp-block-columns alignwide is-layout-flex wp-container-core-columns-is-layout-66fad18a wp-block-columns-is-layout-flex\">\n<div class=\"wp-block-column is-layout-flow wp-block-column-is-layout-flow\" style=\"padding-right:var(--wp--preset--spacing--50);flex-basis:45%\">\n<figure class=\"wp-block-image size-full\"><img loading=\"lazy\" decoding=\"async\" width=\"1079\" height=\"783\" src=\"https:\/\/meteogeek.com\/wp-content\/uploads\/2025\/01\/red-hibiscus-closeup.jpg\" alt=\"Primer plano fotogr\u00e1fico de una flor roja.\" class=\"wp-image-25\" srcset=\"https:\/\/meteogeek.com\/wp-content\/uploads\/2025\/01\/red-hibiscus-closeup.jpg 1079w, https:\/\/meteogeek.com\/wp-content\/uploads\/2025\/01\/red-hibiscus-closeup-300x218.jpg 300w, https:\/\/meteogeek.com\/wp-content\/uploads\/2025\/01\/red-hibiscus-closeup-1024x743.jpg 1024w, https:\/\/meteogeek.com\/wp-content\/uploads\/2025\/01\/red-hibiscus-closeup-768x557.jpg 768w, https:\/\/meteogeek.com\/wp-content\/uploads\/2025\/01\/red-hibiscus-closeup-18x12.jpg 18w\" sizes=\"auto, (max-width: 1079px) 100vw, 1079px\" \/><\/figure>\n\n\n\n<div class=\"wp-block-group has-global-padding is-layout-constrained wp-block-group-is-layout-constrained\" style=\"margin-top:-12vw\">\n<figure class=\"wp-block-image alignright size-full is-resized\" style=\"margin-right:-5vw;margin-left:-5vw\"><img loading=\"lazy\" decoding=\"async\" width=\"794\" height=\"1125\" src=\"https:\/\/meteogeek.com\/wp-content\/uploads\/2025\/01\/grid-flower-2.webp\" alt=\"Fotograf\u00eda en blanco y negro primer plano de una flor.\" class=\"wp-image-30\" style=\"width:202px\" srcset=\"https:\/\/meteogeek.com\/wp-content\/uploads\/2025\/01\/grid-flower-2.webp 794w, https:\/\/meteogeek.com\/wp-content\/uploads\/2025\/01\/grid-flower-2-212x300.webp 212w, https:\/\/meteogeek.com\/wp-content\/uploads\/2025\/01\/grid-flower-2-723x1024.webp 723w, https:\/\/meteogeek.com\/wp-content\/uploads\/2025\/01\/grid-flower-2-768x1088.webp 768w, https:\/\/meteogeek.com\/wp-content\/uploads\/2025\/01\/grid-flower-2-8x12.webp 8w\" sizes=\"auto, (max-width: 794px) 100vw, 794px\" \/><\/figure>\n<\/div>\n<\/div>\n\n\n\n<div class=\"wp-block-column is-vertically-aligned-center is-layout-flow wp-block-column-is-layout-flow\" style=\"padding-right:0;padding-left:0;flex-basis:50%\">\n<div class=\"wp-block-group is-vertical is-layout-flex wp-container-core-group-is-layout-fe9cc265 wp-block-group-is-layout-flex\">\n<h2 class=\"wp-block-heading is-style-text-annotation is-style-text-annotation--2\">Qui\u00e9nes somos<\/h2>\n<\/div>\n\n\n\n<p class=\"is-style-text-subtitle is-style-text-subtitle--3\">\n\t\t\t<strong>Fleurs<\/strong> es una empresa de env\u00edo y suscripci\u00f3n de flores. Con sede en la UE, nuestra misi\u00f3n no es s\u00f3lo entregar impresionantes arreglos florales en todo el mundo, sino tambi\u00e9n fomentar el conocimiento y el entusiasmo sobre este hermoso regalo de la naturaleza: las flores.\t\t\t<\/p>\n<\/div>\n<\/div>\n<\/div>\n\n\n\n<div class=\"wp-block-group alignfull has-global-padding is-layout-constrained wp-container-core-group-is-layout-ebee8dc1 wp-block-group-is-layout-constrained\" style=\"margin-top:0;margin-bottom:0;padding-top:var(--wp--preset--spacing--50);padding-bottom:var(--wp--preset--spacing--50)\">\n<h2 class=\"wp-block-heading alignwide\">Nuestros servicios<\/h2>\n\n\n\n<div class=\"wp-block-columns alignwide is-layout-flex wp-container-core-columns-is-layout-28f84493 wp-block-columns-is-layout-flex\">\n<div class=\"wp-block-column is-layout-flow wp-block-column-is-layout-flow\">\n<figure class=\"wp-block-image size-full\" style=\"margin-bottom:24px\"><img loading=\"lazy\" decoding=\"async\" width=\"577\" height=\"577\" src=\"https:\/\/meteogeek.com\/wp-content\/uploads\/2025\/01\/campanula-alliariifolia-flower.webp\" alt=\"Imagen para el servicio\" class=\"wp-image-26\" style=\"aspect-ratio:4\/3;object-fit:cover\" srcset=\"https:\/\/meteogeek.com\/wp-content\/uploads\/2025\/01\/campanula-alliariifolia-flower.webp 577w, https:\/\/meteogeek.com\/wp-content\/uploads\/2025\/01\/campanula-alliariifolia-flower-300x300.webp 300w, https:\/\/meteogeek.com\/wp-content\/uploads\/2025\/01\/campanula-alliariifolia-flower-150x150.webp 150w, https:\/\/meteogeek.com\/wp-content\/uploads\/2025\/01\/campanula-alliariifolia-flower-12x12.webp 12w\" sizes=\"auto, (max-width: 577px) 100vw, 577px\" \/><\/figure>\n\n\n\n<h3 class=\"wp-block-heading\">Meteohacks<\/h3>\n\n\n\n<p class=\"has-medium-font-size\">.<\/p>\n<\/div>\n\n\n\n<div class=\"wp-block-column is-layout-flow wp-block-column-is-layout-flow\">\n<figure class=\"wp-block-image size-full\" style=\"margin-bottom:24px\"><img loading=\"lazy\" decoding=\"async\" width=\"577\" height=\"577\" src=\"https:\/\/meteogeek.com\/wp-content\/uploads\/2025\/01\/delphinium-flowers.webp\" alt=\"Imagen para el servicio\" class=\"wp-image-29\" style=\"aspect-ratio:4\/3;object-fit:cover\" srcset=\"https:\/\/meteogeek.com\/wp-content\/uploads\/2025\/01\/delphinium-flowers.webp 577w, https:\/\/meteogeek.com\/wp-content\/uploads\/2025\/01\/delphinium-flowers-300x300.webp 300w, https:\/\/meteogeek.com\/wp-content\/uploads\/2025\/01\/delphinium-flowers-150x150.webp 150w, https:\/\/meteogeek.com\/wp-content\/uploads\/2025\/01\/delphinium-flowers-12x12.webp 12w\" sizes=\"auto, (max-width: 577px) 100vw, 577px\" \/><\/figure>\n\n\n\n<h3 class=\"wp-block-heading\">DIY<\/h3>\n\n\n\n<p class=\"has-medium-font-size\"><\/p>\n<\/div>\n\n\n\n<div class=\"wp-block-column is-layout-flow wp-block-column-is-layout-flow\">\n<figure class=\"wp-block-image size-large\" style=\"margin-bottom:24px\"><img decoding=\"async\" src=\"https:\/\/picsum.photos\/200\/300?grayscale.webp\" alt=\"Imagen para el servicio\" style=\"aspect-ratio:4\/3;object-fit:cover\"\/><\/figure>\n\n\n\n<h3 class=\"wp-block-heading\">Sensores<\/h3>\n\n\n\n<p class=\"has-medium-font-size\"><\/p>\n<\/div>\n<\/div>\n<\/div>\n\n\n\n<div class=\"wp-block-group alignfull has-global-padding is-layout-constrained wp-block-group-is-layout-constrained\" style=\"margin-top:0;margin-bottom:0;padding-top:var(--wp--preset--spacing--60);padding-bottom:var(--wp--preset--spacing--60)\">\n<div class=\"wp-block-columns alignwide is-layout-flex wp-container-core-columns-is-layout-74b2cda3 wp-block-columns-is-layout-flex\">\n<div class=\"wp-block-column is-layout-flow wp-block-column-is-layout-flow\">\n<div class=\"wp-block-group is-vertical is-content-justification-left is-layout-flex wp-container-core-group-is-layout-7ce391b6 wp-block-group-is-layout-flex\" style=\"min-height:100%\">\n<h2 class=\"wp-block-heading is-style-text-annotation has-x-small-font-size is-style-text-annotation--4\">Lo que dice la gente<\/h2>\n\n\n\n<blockquote class=\"wp-block-quote is-style-plain has-x-large-font-size is-layout-flow wp-container-core-quote-is-layout-5dafc681 wp-block-quote-is-layout-flow is-style-plain--5\" style=\"font-style:normal;font-weight:400\">\n<div class=\"wp-block-group has-global-padding is-content-justification-left is-layout-constrained wp-container-core-group-is-layout-085bd3d9 wp-block-group-is-layout-constrained\" style=\"margin-top:0;margin-bottom:0;padding-top:0;padding-right:0;padding-bottom:0;padding-left:0\">\n<p class=\"has-xx-large-font-size\">\u00ab\u00a1Producto y servicio al cliente magn\u00edficos!\u00bb<\/p>\n<\/div>\n<cite>Jo Mulligan <br><sub>Atlanta, GA<\/sub><\/cite><\/blockquote>\n<\/div>\n<\/div>\n\n\n\n<div class=\"wp-block-column is-layout-flow wp-block-column-is-layout-flow\" style=\"padding-top:0;padding-right:0;padding-bottom:0;padding-left:0\">\n<figure class=\"wp-block-image size-large\"><img loading=\"lazy\" decoding=\"async\" width=\"976\" height=\"976\" src=\"https:\/\/meteogeek.com\/wp-content\/uploads\/2025\/01\/typewriter.webp\" alt=\"Imagen de una persona tecleando en una m\u00e1quina de escribir.\" class=\"wp-image-27\" style=\"aspect-ratio:1;object-fit:cover\" srcset=\"https:\/\/meteogeek.com\/wp-content\/uploads\/2025\/01\/typewriter.webp 976w, https:\/\/meteogeek.com\/wp-content\/uploads\/2025\/01\/typewriter-300x300.webp 300w, https:\/\/meteogeek.com\/wp-content\/uploads\/2025\/01\/typewriter-150x150.webp 150w, https:\/\/meteogeek.com\/wp-content\/uploads\/2025\/01\/typewriter-768x768.webp 768w, https:\/\/meteogeek.com\/wp-content\/uploads\/2025\/01\/typewriter-12x12.webp 12w\" sizes=\"auto, (max-width: 976px) 100vw, 976px\" \/><\/figure>\n<\/div>\n<\/div>\n<\/div>\n\n\n\n<p><\/p>","protected":false},"excerpt":{"rendered":"<p>Meteogeek Espacio donde la pasi\u00f3n por la meteorolog\u00eda se cruza con la tecnolog\u00eda, dirigido a entusiastas, profesionales y curiosos que quieren aprender, explorar e innovar. Qui\u00e9nes somos Fleurs es una empresa de env\u00edo y suscripci\u00f3n de flores. Con sede en la UE, nuestra misi\u00f3n no es s\u00f3lo entregar impresionantes arreglos florales en todo el mundo, [&hellip;]<\/p>","protected":false},"author":1,"featured_media":0,"parent":0,"menu_order":0,"comment_status":"closed","ping_status":"closed","template":"page-no-title","meta":{"pagelayer_contact_templates":[],"_pagelayer_content":"","footnotes":""},"class_list":["post-23","page","type-page","status-publish","hentry"],"_links":{"self":[{"href":"https:\/\/meteogeek.com\/en\/wp-json\/wp\/v2\/pages\/23","targetHints":{"allow":["GET"]}}],"collection":[{"href":"https:\/\/meteogeek.com\/en\/wp-json\/wp\/v2\/pages"}],"about":[{"href":"https:\/\/meteogeek.com\/en\/wp-json\/wp\/v2\/types\/page"}],"author":[{"embeddable":true,"href":"https:\/\/meteogeek.com\/en\/wp-json\/wp\/v2\/users\/1"}],"replies":[{"embeddable":true,"href":"https:\/\/meteogeek.com\/en\/wp-json\/wp\/v2\/comments?post=23"}],"version-history":[{"count":6,"href":"https:\/\/meteogeek.com\/en\/wp-json\/wp\/v2\/pages\/23\/revisions"}],"predecessor-version":[{"id":86,"href":"https:\/\/meteogeek.com\/en\/wp-json\/wp\/v2\/pages\/23\/revisions\/86"}],"wp:attachment":[{"href":"https:\/\/meteogeek.com\/en\/wp-json\/wp\/v2\/media?parent=23"}],"curies":[{"name":"wp","href":"https:\/\/api.w.org\/{rel}","templated":true}]}}