{"id":41,"date":"2025-01-17T10:31:37","date_gmt":"2025-01-17T10:31:37","guid":{"rendered":"https:\/\/meteogeek.com\/?page_id=41"},"modified":"2025-01-17T10:38:59","modified_gmt":"2025-01-17T10:38:59","slug":"politica-de-privacidad","status":"publish","type":"page","link":"https:\/\/meteogeek.com\/en\/politica-de-privacidad\/","title":{"rendered":"Pol\u00edtica de Privacidad"},"content":{"rendered":"<p><\/p>\n\n\n\n<p>Tu privacidad es importante para meteogeek.com En esta declaraci\u00f3n de privacidad se explica qu\u00e9 datos personales recopilamos de nuestros usuarios y c\u00f3mo los utilizamos. Te animamos a leer detenidamente estos t\u00e9rminos antes de facilitar tus datos personales en esta web. Los mayores de 14 a\u00f1os podr\u00e1n usar cualquier funcionalidad donde se ofrezcan datos privados sin el previo consentimiento de sus padres o tutores.<\/p>\n\n\n\n<p>En ning\u00fan caso se recabar\u00e1n del menor de edad datos relativos a la situaci\u00f3n profesional, econ\u00f3mica o a la intimidad de los otros miembros de la familia, sin el consentimiento de \u00e9stos.<\/p>\n\n\n\n<p>Si eres menor de 14 a\u00f1os y has accedido a este sitio web sin avisar a tus padres no debes compartir ninguna informaci\u00f3n personal.<\/p>\n\n\n\n<p>En esta web se respetan y cuidan los datos personales de los usuarios. Como usuario debes saber que tus derechos est\u00e1n garantizados.<\/p>\n\n\n\n<p>meteogeek.com ha adecuado esta web a las exigencias del Reglamento (UE) 2016\/679 del Parlamento Europeo y del Consejo de 27 de abril de 2016 relativo a la protecci\u00f3n de las personas f\u00edsicas (RGPD), la Ley Org\u00e1nica 3\/2018, de 5 de diciembre, de Protecci\u00f3n de Datos Personales y garant\u00eda de los derechos digitales (LOPDGDD), as\u00ed como con la Ley 34\/2002, de 11 de julio, de Servicios de la Sociedad de la Informaci\u00f3n y Comercio Electr\u00f3nico (LSSICE o LSSI).<\/p>\n\n\n\n<p>RESPONSABLE DEL TRATAMIENTO DE TUS DATOS PERSONALES<\/p>\n\n\n\n<pre class=\"wp-block-code\"><code>Identidad del Responsable: RFS \nNombre comercial: meteogeek.com\nNIF\/CIF: 495395234B\nDirecci\u00f3n: Calle Brasil, Valencia, Valencia, Espa\u00f1a\nCorreo electr\u00f3nico: meteogeek@gmail.com<\/code><\/pre>\n\n\n\n<p>\u00bfC\u00d3MO HEMOS OBTENIDO TUS DATOS?<\/p>\n\n\n\n<p>Los datos personales que tratamos en meteogeek.com proceden de:<\/p>\n\n\n\n<pre class=\"wp-block-code\"><code>Formulario de contacto\nFormulario de suscripci\u00f3n\nComentarios en los posts y art\u00edculos\nFormulario de venta<\/code><\/pre>\n\n\n\n<p>\u00bfCU\u00c1LES SON TUS DERECHOS CUANDO NOS FACILITAS TUS DATOS?<\/p>\n\n\n\n<p>Cualquier persona tiene derecho a obtener confirmaci\u00f3n sobre si en meteogeek.com estamos tratando sus datos personales.<\/p>\n\n\n\n<p>Las personas interesadas tienen derecho a:<\/p>\n\n\n\n<pre class=\"wp-block-code\"><code>Solicitar el acceso a los datos personales relativos al interesado\nSolicitar su rectificaci\u00f3n o supresi\u00f3n\nSolicitar la limitaci\u00f3n de su tratamiento\nOponerse al tratamiento\nSolicitar la portabilidad de los datos<\/code><\/pre>\n\n\n\n<p>Los interesados podr\u00e1n acceder a sus datos personales, as\u00ed como a solicitar la rectificaci\u00f3n de los datos inexactos o, en su caso, solicitar su supresi\u00f3n cuando, entre otros motivos, los datos ya no sean necesarios para los fines que fueron recogidos. En determinadas circunstancias, los interesados podr\u00e1n solicitar la limitaci\u00f3n del tratamiento de sus datos, en cuyo caso \u00fanicamente los conservar\u00e9 para el ejercicio o la defensa de reclamaciones.<\/p>\n\n\n\n<p>Al ejercer tu derecho a la portabilidad de los datos, tendr\u00e1s derecho a que los datos personales se transmitan directamente de responsable a responsable cuando sea t\u00e9cnicamente posible.<\/p>\n\n\n\n<p>Los interesados tambi\u00e9n tendr\u00e1n derecho a la tutela judicial efectiva y a presentar una reclamaci\u00f3n ante la autoridad de control, en este caso, la Agencia Espa\u00f1ola de Protecci\u00f3n de Datos, si consideran que el tratamiento de datos personales que le conciernen infringe el Reglamento.<\/p>\n\n\n\n<p>\u00bfCON QU\u00c9 FINALIDAD TRATAMOS TUS DATOS PERSONALES?<\/p>\n\n\n\n<p>Cuando un usuario se conecta con esta web por ejemplo para comentar un post, mandar un correo al titular, suscribirse o realizar alguna contrataci\u00f3n, est\u00e1 facilitando informaci\u00f3n de car\u00e1cter personal de la que es responsable meteogeek.com. Esa informaci\u00f3n puede incluir datos de car\u00e1cter personal como pueden ser tu direcci\u00f3n IP, nombre, direcci\u00f3n f\u00edsica, direcci\u00f3n de correo electr\u00f3nico, n\u00famero de tel\u00e9fono, y otra informaci\u00f3n. Al facilitar esta informaci\u00f3n, el usuario da su consentimiento para que su informaci\u00f3n sea recopilada, utilizada, gestionada y almacenada por meteogeek.com, s\u00f3lo como se describe en el Aviso Legal y en la presente Pol\u00edtica de Privacidad.<\/p>\n\n\n\n<p>En meteogeek.com existen diferentes sistemas de captura de informaci\u00f3n personal y trato la informaci\u00f3n que nos facilitan las personas interesadas con el siguiente fin por cada sistema de captura (formularios):<\/p>\n\n\n\n<pre class=\"wp-block-code\"><code>Formulario de contacto: La finalidad es mantener la comunicaci\u00f3n objeto del propio asunto indicado en el formulario de contacto.\nFormulario de suscripci\u00f3n: La finalidad es informar acerca de asuntos tanto comerciales como no comerciales.\nComentarios en los posts y art\u00edculos: La finalidad es mostrar informaci\u00f3n sobre el comentario al resto de usuarios visitantes, adem\u00e1s de permitir la comunicaci\u00f3n o alertas en caso de as\u00ed elegirse por el usuario.\nFormulario de venta: La finalidad es comenzar la actividad comercial determinada en el formulario en cuesti\u00f3n, que proseguir\u00e1 v\u00eda correo electr\u00f3nico.<\/code><\/pre>\n\n\n\n<p>Existen otras finalidades por la que tratamos tus datos personales:<\/p>\n\n\n\n<pre class=\"wp-block-code\"><code>Para garantizar el cumplimiento de las condiciones de uso y la ley aplicable. Esto puede incluir el desarrollo de herramientas y algoritmos que ayudan a esta web a garantizar la confidencialidad de los datos personales que recoge.\nPara apoyar y mejorar los servicios que ofrece esta web.\nTambi\u00e9n se recogen otros datos no identificativos que se obtienen mediante algunas cookies que se descargan en el ordenador del usuario cuando navega en esta web que detallo en la pol\u00edtica de cookies.\nPara gestionar las redes sociales. meteogeek.com puede tener presencia en redes sociales. El tratamiento de los datos que se lleve a cabo de las personas que se hagan seguidoras en las redes sociales de las p\u00e1ginas oficiales meteogeek.com se regir\u00e1 por este apartado. As\u00ed como por aquellas condiciones de uso, pol\u00edticas de privacidad y normativas de acceso que pertenezcan a la red social que proceda en cada caso y aceptadas previamente por el usuario de Luz Soluciones TIC, S.L. Tratar\u00e1 sus datos con las finalidades de administrar correctamente su presencia en la red social, informando de actividades, productos o servicios de meteogeek.com . As\u00ed como para cualquier otra finalidad que las normativas de las redes sociales permitan. En ning\u00fan caso utilizaremos los perfiles de seguidores en redes sociales para enviar publicidad de manera individual.<\/code><\/pre>\n\n\n\n<p>meteogeek.com , no vende, alquila ni cede datos de car\u00e1cter personal que puedan identificar al usuario, ni lo har\u00e1 en el futuro, a terceros sin el consentimiento previo. Sin embargo, en algunos casos se pueden realizar colaboraciones con otros profesionales, en esos casos, se requerir\u00e1 consentimiento a los usuarios informando sobre la identidad del colaborador y la finalidad de la colaboraci\u00f3n. Siempre se realizar\u00e1 con los m\u00e1s estrictos est\u00e1ndares de seguridad.<\/p>\n\n\n\n<p>LEGITIMACI\u00d3N PARA EL TRATAMIENTO DE TUS DATOS<\/p>\n\n\n\n<p>La base legal para el tratamiento de sus datos es: el consentimiento.<\/p>\n\n\n\n<p>Para contactar o realizar comentarios en esta web se requiere el consentimiento con esta pol\u00edtica de privacidad.<\/p>\n\n\n\n<p>La oferta prospectiva o comercial de productos y servicios est\u00e1 basada en el consentimiento que se le solicita, sin que en ning\u00fan caso la retirada de este consentimiento condicione la ejecuci\u00f3n del contrato de suscripci\u00f3n.<\/p>\n\n\n\n<p>Tambi\u00e9n la contrataci\u00f3n de productos y servicios seg\u00fan los t\u00e9rminos y condiciones que constan en el <a href=\"https:\/\/meteogeek.com\/en\/aviso-legal\/\">aviso legal<\/a>.<\/p>\n\n\n\n<p>CATEGOR\u00cdA DE DATOS<\/p>\n\n\n\n<p>Las categor\u00edas de datos que se tratan son datos identificativos.<\/p>\n\n\n\n<p>No se tratan categor\u00edas de datos especialmente protegidos.<\/p>\n\n\n\n<p>\u00bfPOR CU\u00c1NTO TIEMPO CONSERVAREMOS TUS DATOS?<\/p>\n\n\n\n<p>Los datos personales proporcionados se conservar\u00e1n:<\/p>\n\n\n\n<pre class=\"wp-block-code\"><code>Mientras se mantenga la relaci\u00f3n mercantil.\nHasta que no se solicite su supresi\u00f3n por el interesado.\nPeriodo a partir de la \u00faltima confirmaci\u00f3n de inter\u00e9s: 1 a\u00f1os.<\/code><\/pre>\n\n\n\n<p>\u00bfA QU\u00c9 DESTINATARIOS SE COMUNICAR\u00c1N TUS DATOS?<\/p>\n\n\n\n<p>Muchas herramientas que utilizamos para gestionar tus datos son contratados por terceros.<\/p>\n\n\n\n<p>Para prestar servicios estrictamente necesarios para el desarrollo de la actividad, meteogeek.com comparte datos con los siguientes prestadores bajo sus correspondientes condiciones de privacidad:<\/p>\n\n\n\n<p>Google Analytics: un servicio anal\u00edtico de web prestado por Google Inc. una compa\u00f1\u00eda de Delaware cuya oficina principal est\u00e1 en 1600 Amphitheatre Parkway, Mountain View (California), CA 94043, Estados Unidos (\u201cGoogle\u201d). Google Analytics utiliza \u201ccookies\u201d, que son archivos de texto ubicados en tu ordenador, para ayudar a meteogeek.com a analizar el uso que hacen los usuarios del sitio web. La informaci\u00f3n que genera la cookie acerca de su uso de meteogeek.com (incluyendo tu direcci\u00f3n IP) ser\u00e1 directamente transmitida y archivada por Google en los servidores de Estados Unidos.<\/p>\n\n\n\n<p>Facebook Pixel: un servicio anal\u00edtico de web prestado por Facebook Inc. una compa\u00f1\u00eda de California cuyas oficinas principales est\u00e1n en 1 Hacker Way, 94025 Menlo Park, United States. Facebook Pixel utiliza \u201ccookies\u201d, que son archivos de texto ubicados en tu ordenador, para ayudar a meteogeek.com a analizar el uso que hacen los usuarios del sitio web. La informaci\u00f3n que genera la cookie acerca de su uso de meteogeek.com (incluyendo tu direcci\u00f3n IP) ser\u00e1 directamente transmitida y archivada por Facebook Inc. en los servidores de Estados Unidos.<\/p>\n\n\n\n<p>Servidor: todos los datos almacenados en el propio servidor donde se aloja esta web, est\u00e1n almacenados en los servicios de siteground.es. Pero esta empresa no tiene acceso a la consulta de datos ya que se trata de un servidor virtual no administrado.<\/p>\n\n\n\n<p>Asesor\u00eda\/Gestor\u00eda: En el caso de meteogeek.com, no tenemos contratado ning\u00fan servicio de este tipo que pueda tener acceso a tus datos.<\/p>\n\n\n\n<p>Plataforma web: The WordPress Foundation, con domicilio en EEUU. M\u00e1s informaci\u00f3n en: https:\/\/wordpress.org (The WordPress Foundation). The WordPress Foundation trata los datos con la finalidad de realizar sus servicios de plataforma web a meteogeek.com.<\/p>\n\n\n\n<p>Email marketing: MailChimp, propiedad de The Rocket Science Group LLC, con domicilio en EEUU. M\u00e1s informaci\u00f3n en: https:\/\/mailchimp.com\/legal\/privacy\/. The Rocket Science Group LLC trata los datos con la finalidad de realizar sus servicios de email marketing a meteogeek.com<\/p>\n\n\n\n<p>NAVEGACI\u00d3N<\/p>\n\n\n\n<p>Al navegar por meteogeek.com se pueden recoger datos no identificables, que pueden incluir, direcciones IP, ubicaci\u00f3n geogr\u00e1fica (aproximadamente), un registro de c\u00f3mo se utilizan los servicios y sitios, y otros datos que no pueden ser utilizados para identificar al usuario.<\/p>\n\n\n\n<p>Entre los datos no identificativos est\u00e1n tambi\u00e9n los relacionados a tus h\u00e1bitos de navegaci\u00f3n a trav\u00e9s de servicios de terceros. Esta web utiliza los siguientes servicios de an\u00e1lisis de terceros:<\/p>\n\n\n\n<pre class=\"wp-block-code\"><code>Google analytics\nPixel de Facebook<\/code><\/pre>\n\n\n\n<p>Utilizamos esta informaci\u00f3n para analizar tendencias, administrar el sitio, rastrear los movimientos de los usuarios alrededor del sitio y para recopilar informaci\u00f3n demogr\u00e1fica sobre nuestra base de usuarios en su conjunto.<\/p>\n\n\n\n<p>SECRETO Y SEGURIDAD DE LOS DATOS<\/p>\n\n\n\n<p>meteogeek.com se compromete en el uso y tratamiento de los datos incluidos personales de los usuarios, respetando su confidencialidad y a utilizarlos de acuerdo con la finalidad del mismo, as\u00ed como a dar cumplimiento a su obligaci\u00f3n de guardarlos y adaptar todas las medidas para evitar la alteraci\u00f3n, p\u00e9rdida, tratamiento o acceso no autorizado, de conformidad con lo establecido en la normativa vigente de protecci\u00f3n de datos.<\/p>\n\n\n\n<p>Esta web incluye un certificado SSL. Se trata de un protocolo de seguridad que hace que tus datos viajen de manera \u00edntegra y segura, es decir, la transmisi\u00f3n de los datos entre un servidor y usuario web, y en retroalimentaci\u00f3n, es totalmente cifrada o encriptada.<\/p>\n\n\n\n<p>meteogeek.com no puede garantizar la absoluta inexpugnabilidad de la red Internet y por tanto la violaci\u00f3n de los datos mediante accesos fraudulentos a ellos por parte de terceros.<\/p>\n\n\n\n<p>Con respecto a la confidencialidad del procesamiento, meteogeek.com se asegurar\u00e1 de que cualquier persona que est\u00e9 autorizada por meteogeek.com para procesar los datos del cliente (incluido su personal, colaboradores y prestadores), estar\u00e1 bajo la obligaci\u00f3n apropiada de confidencialidad (ya sea un deber contractual o legal).<\/p>\n\n\n\n<p>Cuando se presente alg\u00fan incidente de seguridad, al darse cuenta meteogeek.com , deber\u00e1 notificar al Cliente sin demoras indebidas y deber\u00e1 proporcionar informaci\u00f3n oportuna relacionada con el Incidente de Seguridad tal como se conozca o cuando el Cliente lo solicite razonablemente.<\/p>\n\n\n\n<p>EXACTITUD Y VERACIDAD DE LOS DATOS<\/p>\n\n\n\n<p>Como usuario, eres el \u00fanico responsable de la veracidad y correcci\u00f3n de los datos que remitas a meteogeek.com exonerando a meteogeek.com, de cualquier responsabilidad al respecto.<\/p>\n\n\n\n<p>Los usuarios garantizan y responden, en cualquier caso, de la exactitud, vigencia y autenticidad de los datos personales facilitados, y se comprometen a mantenerlos debidamente actualizados. El usuario acepta proporcionar informaci\u00f3n completa y correcta en el formulario de contacto o suscripci\u00f3n.<\/p>\n\n\n\n<p>ACEPTACI\u00d3N Y CONSENTIMIENTO<\/p>\n\n\n\n<p>El usuario declara haber sido informado de las condiciones sobre protecci\u00f3n de datos de car\u00e1cter personal, aceptando y consintiendo el tratamiento de los mismos por parte de meteogeek.com en la forma y para las finalidades indicadas en esta pol\u00edtica de privacidad.<\/p>\n\n\n\n<p>REVOCABILIDAD<\/p>\n\n\n\n<p>El consentimiento prestado, tanto para el tratamiento como para la cesi\u00f3n de los datos de los interesados, es revocable en cualquier momento comunic\u00e1ndolo a meteogeek.com en los t\u00e9rminos establecidos en esta Pol\u00edtica para el ejercicio de los derechos ARCO. Esta revocaci\u00f3n en ning\u00fan caso tendr\u00e1 car\u00e1cter retroactivo.<\/p>\n\n\n\n<p>CAMBIOS EN LA POL\u00cdTICA DE PRIVACIDAD<\/p>\n\n\n\n<p>meteogeek.com se reserva el derecho a modificar la presente pol\u00edtica para adaptarla a novedades legislativas o jurisprudenciales, as\u00ed como a pr\u00e1cticas de la industria. En dichos supuestos, meteogeek.com anunciar\u00e1 en esta p\u00e1gina los cambios introducidos con razonable antelaci\u00f3n a su puesta en pr\u00e1ctica.<\/p>\n\n\n\n<p>CORREOS COMERCIALES<\/p>\n\n\n\n<p>De acuerdo con la LSSICE, meteogeek.com no realiza pr\u00e1cticas de SPAM, por lo que no env\u00eda correos comerciales por v\u00eda electr\u00f3nica que no hayan sido previamente solicitados o autorizados por el usuario. En consecuencia, en cada uno de los formularios habidos en la web, el usuario tiene la posibilidad de dar su consentimiento expreso para recibir el bolet\u00edn, con independencia de la informaci\u00f3n comercial puntualmente solicitada.<\/p>\n\n\n\n<p>Conforme a lo dispuesto en la Ley 34\/2002 de Servicios de la Sociedad de la Informaci\u00f3n y de comercio electr\u00f3nico, meteogeek.com se compromete a no enviar comunicaciones de car\u00e1cter comercial sin identificarlas debidamente.<\/p>\n\n\n\n<p>Este documento ha sido actualizado por \u00faltima vez el 15 de mayo del 2019.<\/p>\n\n\n\n<p>De parte del equipo que formamos meteogeek.com te agradecemos el tiempo dedicado en leer esta pol\u00edtica de privacidad.<\/p>","protected":false},"excerpt":{"rendered":"<p>Tu privacidad es importante para meteogeek.com En esta declaraci\u00f3n de privacidad se explica qu\u00e9 datos personales recopilamos de nuestros usuarios y c\u00f3mo los utilizamos. Te animamos a leer detenidamente estos t\u00e9rminos antes de facilitar tus datos personales en esta web. Los mayores de 14 a\u00f1os podr\u00e1n usar cualquier funcionalidad donde se ofrezcan datos privados sin [&hellip;]<\/p>","protected":false},"author":1,"featured_media":0,"parent":0,"menu_order":0,"comment_status":"closed","ping_status":"closed","template":"","meta":{"pagelayer_contact_templates":[],"_pagelayer_content":"","footnotes":""},"class_list":["post-41","page","type-page","status-publish","hentry"],"_links":{"self":[{"href":"https:\/\/meteogeek.com\/en\/wp-json\/wp\/v2\/pages\/41","targetHints":{"allow":["GET"]}}],"collection":[{"href":"https:\/\/meteogeek.com\/en\/wp-json\/wp\/v2\/pages"}],"about":[{"href":"https:\/\/meteogeek.com\/en\/wp-json\/wp\/v2\/types\/page"}],"author":[{"embeddable":true,"href":"https:\/\/meteogeek.com\/en\/wp-json\/wp\/v2\/users\/1"}],"replies":[{"embeddable":true,"href":"https:\/\/meteogeek.com\/en\/wp-json\/wp\/v2\/comments?post=41"}],"version-history":[{"count":4,"href":"https:\/\/meteogeek.com\/en\/wp-json\/wp\/v2\/pages\/41\/revisions"}],"predecessor-version":[{"id":49,"href":"https:\/\/meteogeek.com\/en\/wp-json\/wp\/v2\/pages\/41\/revisions\/49"}],"wp:attachment":[{"href":"https:\/\/meteogeek.com\/en\/wp-json\/wp\/v2\/media?parent=41"}],"curies":[{"name":"wp","href":"https:\/\/api.w.org\/{rel}","templated":true}]}}