{"id":45,"date":"2025-01-17T10:37:36","date_gmt":"2025-01-17T10:37:36","guid":{"rendered":"https:\/\/meteogeek.com\/?page_id=45"},"modified":"2025-01-17T10:39:14","modified_gmt":"2025-01-17T10:39:14","slug":"aviso-legal","status":"publish","type":"page","link":"https:\/\/meteogeek.com\/en\/aviso-legal\/","title":{"rendered":"Aviso Legal"},"content":{"rendered":"<p><br>El presente AVISO LEGAL regula los derechos y obligaciones del meteogeek.com y de los usuarios, en relaci\u00f3n al acceso, navegaci\u00f3n y utilizaci\u00f3n de la presente web sin perjuicio de que meteogeek.com se reserve el derecho a modificar, sin previo aviso, su contenido, siendo vigentes las que se encuentren publicadas en el momento de navegaci\u00f3n. Mediante la navegaci\u00f3n, visualizaci\u00f3n y uso de esta web adquieres la condici\u00f3n de usuario, y por tanto implica por tu parte la aceptaci\u00f3n expresa de todas las cl\u00e1usulas que indicamos en el presente Aviso Legal, as\u00ed como el resto de advertencias o cl\u00e1usulas espec\u00edficas que se establezcan en las diferentes secciones para la contrataci\u00f3n, uso de servicios, productos, inscripciones, o secciones de la P\u00e1gina. Por lo que en caso de no aceptar las cl\u00e1usulas establecidas en el presente Aviso Legal, deber\u00e1s abstenerte de acceder y\/o utilizar los servicios y\/o contenidos puestos a tu disposici\u00f3n en la P\u00e1gina, procediendo a abandonar la misma. meteogeek.com podr\u00e1 dar por terminado, suspender o interrumpir, en cualquier momento sin necesidad de previo aviso, el acceso a los contenidos de la p\u00e1gina, sin posibilidad por parte del Usuario de exigir indemnizaci\u00f3n alguna. No obstante, en el caso de cierre de la plataforma, se tratar\u00e1 de devolver todo pago que se haya realizado por suscripciones anuales no completadas.<\/p>\n\n\n\n<pre class=\"wp-block-code\"><code>INFORMACI\u00d3N PERSONAL Y FISCAL DEL RESPONSABLE DE LA WEB<\/code><\/pre>\n\n\n\n<p>Esta web pertenece a RFS, cuyo Documento de Identificaci\u00f3n es el n\u00famero 49539456B. Domicilio fiscal del responsable de la web: Calle Brasil n\u00ba 9, Valencia, Valencia, Espa\u00f1a CONTACTO CON EL RESPONSABLE DEL SITIO WEB. Puedes contactarme a trav\u00e9s del formulario de contacto Correo electr\u00f3nico Gmail de contacto: meteogeek@gmail.com Tel\u00e9fono: +34 636 148 235<\/p>\n\n\n\n<pre class=\"wp-block-code\"><code>FORMA DE INGRESOS<\/code><\/pre>\n\n\n\n<p>meteogeek.com obtiene ingresos de m\u00faltiples formas. Publicidad meteogeek.com utiliza anuncios de Adsense. Afiliaci\u00f3n \u00bfQu\u00e9 es la afiliaci\u00f3n y qu\u00e9 un enlace de afiliado? \u00bfEn qu\u00e9 consiste? La afiliaci\u00f3n es un contrato entre dos partes por la cual una, que ofrece un producto o servicio, permite que la otra parte publicite este producto o servicio a cambio de una comisi\u00f3n o beneficio econ\u00f3mico. Esta comisi\u00f3n o beneficio econ\u00f3mico es entregado de la primera a la segunda parte cuando se verifique que la segunda parte ha sido la encargada de favorecer la venta. Esta verificaci\u00f3n puede ser en forma de un cup\u00f3n especial, de un enlace que instale una cookie informativa en la m\u00e1quina del cliente o de alguna otra forma similar. Este beneficio econ\u00f3mico se da sin ning\u00fan perjuicio al precio del producto, por lo que el cliente final no experimentar\u00e1 en ning\u00fan caso un encarecimiento del bien. En meteogeek.com podr\u00e1s encontrar enlaces de afiliaci\u00f3n de las siguientes plataformas:<\/p>\n\n\n\n<pre class=\"wp-block-code\"><code>Amazon Affiliates: cuyos t\u00e9rminos legales pueden ser encontrados en https:\/\/afiliados.amazon.es\/help\/operating\/policies<\/code><\/pre>\n\n\n\n<p>Venta de servicios En meteogeek.com no se lleva a cabo venta de servicios de ning\u00fan tipo. T\u00c9RMINOS DE USO<\/p>\n\n\n\n<pre class=\"wp-block-code\"><code>Si navega por esta web acepta t\u00e1citamente los t\u00e9rminos de uso y los t\u00e9rminos de privacidad, as\u00ed como declara haber le\u00eddo el aviso legal.\nNi esta web ni sus representantes legales se hacen responsables ni del contenido ni de la veracidad de las pol\u00edticas de privacidad que puedan tener servicios terceros ajenos a esta web.\nQueda expresamente prohibida la copia o transcripci\u00f3n completa o parcial de cualquier texto de esta web para cualquier uso. Los textos de esta web est\u00e1n hechos s\u00f3lo para ser le\u00eddos, abst\u00e9nganse de usarlos para cualquier otro fin.\nQueda expresamente prohibida la copia o descarga de las im\u00e1genes de esta web.\nNo est\u00e1 permitido el hotlinking de las im\u00e1genes de esta web.\nS\u00ed est\u00e1 permitido copiar y utilizar las estructuras HTML y estilos CSS utilizados en esta web, siempre que sea de forma parcial y nunca la totalidad del formato generando una web id\u00e9ntica a esta misma.<\/code><\/pre>\n\n\n\n<p>En el caso de incumplimiento de estas condiciones, nos podemos ver obligados a tomar las medidas legales oportunas.<\/p>","protected":false},"excerpt":{"rendered":"<p>El presente AVISO LEGAL regula los derechos y obligaciones del meteogeek.com y de los usuarios, en relaci\u00f3n al acceso, navegaci\u00f3n y utilizaci\u00f3n de la presente web sin perjuicio de que meteogeek.com se reserve el derecho a modificar, sin previo aviso, su contenido, siendo vigentes las que se encuentren publicadas en el momento de navegaci\u00f3n. Mediante [&hellip;]<\/p>","protected":false},"author":1,"featured_media":0,"parent":0,"menu_order":0,"comment_status":"closed","ping_status":"closed","template":"","meta":{"pagelayer_contact_templates":[],"_pagelayer_content":"","footnotes":""},"class_list":["post-45","page","type-page","status-publish","hentry"],"_links":{"self":[{"href":"https:\/\/meteogeek.com\/en\/wp-json\/wp\/v2\/pages\/45","targetHints":{"allow":["GET"]}}],"collection":[{"href":"https:\/\/meteogeek.com\/en\/wp-json\/wp\/v2\/pages"}],"about":[{"href":"https:\/\/meteogeek.com\/en\/wp-json\/wp\/v2\/types\/page"}],"author":[{"embeddable":true,"href":"https:\/\/meteogeek.com\/en\/wp-json\/wp\/v2\/users\/1"}],"replies":[{"embeddable":true,"href":"https:\/\/meteogeek.com\/en\/wp-json\/wp\/v2\/comments?post=45"}],"version-history":[{"count":2,"href":"https:\/\/meteogeek.com\/en\/wp-json\/wp\/v2\/pages\/45\/revisions"}],"predecessor-version":[{"id":50,"href":"https:\/\/meteogeek.com\/en\/wp-json\/wp\/v2\/pages\/45\/revisions\/50"}],"wp:attachment":[{"href":"https:\/\/meteogeek.com\/en\/wp-json\/wp\/v2\/media?parent=45"}],"curies":[{"name":"wp","href":"https:\/\/api.w.org\/{rel}","templated":true}]}}