{"id":51,"date":"2025-01-17T10:47:34","date_gmt":"2025-01-17T10:47:34","guid":{"rendered":"https:\/\/meteogeek.com\/?page_id=51"},"modified":"2025-01-17T10:47:34","modified_gmt":"2025-01-17T10:47:34","slug":"politica-de-cookies","status":"publish","type":"page","link":"https:\/\/meteogeek.com\/en\/politica-de-cookies\/","title":{"rendered":"Cookie's policies"},"content":{"rendered":"<p><\/p>\n\n\n\n<p>In this web we colled and use the info .....<\/p>\n\n\n\n<p>\u00bfQU\u00c9 SON LAS COOKIES?<\/p>\n\n\n\n<p>Una cookie es un fichero que se descarga en tu ordenador o equipo al acceder a determinadas p\u00e1ginas web. Las cookies permiten a una p\u00e1gina web, entre otras cosas, almacenar y recuperar informaci\u00f3n sobre los h\u00e1bitos de navegaci\u00f3n del usuario o de su equipo y, dependiendo de la informaci\u00f3n que contengan y de la forma en que utilice tu equipo, pueden utilizarse para reconocer al usuario.<\/p>\n\n\n\n<p>\u00bfQU\u00c9 TIPOS DE COOKIES UTILIZA ESTA P\u00c1GINA WEB?<\/p>\n\n\n\n<p>Siguiendo las directrices de la Agencia Espa\u00f1ola de Protecci\u00f3n de Datos procedemos a detallar el uso de cookies que hace esta web con el fin de informarle con la m\u00e1xima exactitud posible.<\/p>\n\n\n\n<p>meteogeek.com utiliza los siguientes tipos de cookies:<\/p>\n\n\n\n<p>Cookies propias:<\/p>\n\n\n\n<pre class=\"wp-block-code\"><code>Cookies de almacenamiento de sesi\u00f3n, para garantizar que los usuarios que escriban comentarios en el blog sean humanos y no aplicaciones automatizadas. De esta forma se combate el spam. Estas cookies se borran cuando dejas de navegar en nuestra web o, en el caso de tener la sesi\u00f3n activa, adem\u00e1s cierres sesi\u00f3n.\nCookies de almacenamiento local: Para mantener sesiones abiertas y el propio consentimiento de cookies guardado.\nwp-settings-time: WordPress establece cookies con este formato wp- configuraci\u00f3n- {time } \u2013 &#91; UID ]. Esto se utiliza para personalizar la vista de la interfaz de administraci\u00f3n , y posiblemente tambi\u00e9n la interfaz principal del sitio.\nwp_text_cookie: Esta cookie se usa para que el gestor de contenidos WordPress comprueba si el navegador tiene las cookies activadas.\nwp-settings: WordPress establece cookies con este formato wp- settings- &#91; UID ] cookies. Esto se utiliza para personalizar la vista de la interfaz de administraci\u00f3n , y posiblemente tambi\u00e9n la interfaz principal del sitio.\ncookie_notice_accepted: Esta cookie se usa utiliza para guardar la informaci\u00f3n de si el usuario ha aceptado las cookies.<\/code><\/pre>\n\n\n\n<p>Cookies de terceros:<\/p>\n\n\n\n<p>Cookies de an\u00e1lisis: Son recabadas \u00fanicamente por terceros, nos permiten cuantificar el n\u00famero de usuarios y as\u00ed realizar la medici\u00f3n y an\u00e1lisis estad\u00edstico de la utilizaci\u00f3n que hacen los usuarios del servicio ofertado. Para ello se analiza su navegaci\u00f3n en nuestra p\u00e1gina web con el fin de mejorar la oferta de productos o servicios que te ofrecemos.<\/p>\n\n\n\n<pre class=\"wp-block-code\"><code>Google Analytics_gaAnal\u00edtica \u2013 Google Analytics Se usa para controlar los visitantes \u00fanicos de la web, almacena un identificador de cliente \u00fanico._gatAnal\u00edtica \u2013 Google Analytics Se usa para diferenciar entre los diferentes objetos de seguimiento creados en la sesi\u00f3n._gidAnal\u00edtica \u2013 Google Analytics Se usa para distinguir a los usuarios.\nFacebook pixel<\/code><\/pre>\n\n\n\n<p>Cookies publicitarias: Utilizamos Google Adsense, un servicio que analizando este tipo de cookies, permite gestionar de la forma m\u00e1s eficaz posible la oferta de los espacios publicitarios que hay en la p\u00e1gina web, adecuando el contenido del anuncio al contenido del servicio solicitado o al uso que realices de nuestra p\u00e1gina web. Para ello podemos analizar tus h\u00e1bitos de navegaci\u00f3n en Internet y podemos mostrarte publicidad relacionada con tu perfil de navegaci\u00f3n.<\/p>\n\n\n\n<p>Cookies de redes sociales: Cada red social utiliza sus propias cookies para que usted pueda pinchar en botones del tipo Me gusta o Compartir. As\u00ed como en comentarios de facebook integrados en algunos de nuestros art\u00edculos.<\/p>\n\n\n\n<pre class=\"wp-block-code\"><code>P\u00e1gina de Cookies de Facebook\nP\u00e1gina de Privacidad de Twitter.\nP\u00e1gina de Cookies de Youtube.\nP\u00e1gina de Privacidad de google +.<\/code><\/pre>\n\n\n\n<p>Cookies de afiliaci\u00f3n: Estas cookies las adquieres cuando clicas en uno de nuestros productos externalizados en Amazon. De esta forma Amazon sabe que est\u00e1 vendiendo un producto desde nuestra p\u00e1gina y nos da una comisi\u00f3n. No te preocupes, los precios de Amazon no se ven alterados por haber llegado desde nuestra p\u00e1gina o directamente, el precio que t\u00fa pagas es el mismo. Si quieres m\u00e1s informaci\u00f3n visita el enlace al Programa de afiliados que hay en la parte inferior de las webs de Amazon.<\/p>\n\n\n\n<p>DESACTIVACI\u00d3N O ELIMINACI\u00d3N DE COOKIES<\/p>\n\n\n\n<p>En cualquier momento podr\u00e1 ejercer su derecho de desactivaci\u00f3n o eliminaci\u00f3n de cookies de este sitio web. Estas acciones se realizan de forma diferente en funci\u00f3n del navegador que est\u00e9 usando.<\/p>\n\n\n\n<p>IMPORTANTE: Puedes eliminar toda la informaci\u00f3n que creas pertinente de los servidores de Google a trav\u00e9s de la web: https:\/\/myactivity.google.com\/myactivity<\/p>\n\n\n\n<p><\/p>","protected":false},"excerpt":{"rendered":"<p>En esta web recopilamos y utilizamos la informaci\u00f3n seg\u00fan indicamos en nuestra pol\u00edtica de privacidad. Una de las formas en las que recopilamos informaci\u00f3n es a trav\u00e9s del uso de la tecnolog\u00eda llamada \u201ccookies\u201d. En meteogeek.com, utilizamos cookies para varias cosas. \u00bfQU\u00c9 SON LAS COOKIES? Una cookie es un fichero que se descarga en tu [&hellip;]<\/p>","protected":false},"author":1,"featured_media":0,"parent":0,"menu_order":0,"comment_status":"closed","ping_status":"closed","template":"","meta":{"pagelayer_contact_templates":[],"_pagelayer_content":"","footnotes":""},"class_list":["post-51","page","type-page","status-publish","hentry"],"_links":{"self":[{"href":"https:\/\/meteogeek.com\/en\/wp-json\/wp\/v2\/pages\/51","targetHints":{"allow":["GET"]}}],"collection":[{"href":"https:\/\/meteogeek.com\/en\/wp-json\/wp\/v2\/pages"}],"about":[{"href":"https:\/\/meteogeek.com\/en\/wp-json\/wp\/v2\/types\/page"}],"author":[{"embeddable":true,"href":"https:\/\/meteogeek.com\/en\/wp-json\/wp\/v2\/users\/1"}],"replies":[{"embeddable":true,"href":"https:\/\/meteogeek.com\/en\/wp-json\/wp\/v2\/comments?post=51"}],"version-history":[{"count":1,"href":"https:\/\/meteogeek.com\/en\/wp-json\/wp\/v2\/pages\/51\/revisions"}],"predecessor-version":[{"id":53,"href":"https:\/\/meteogeek.com\/en\/wp-json\/wp\/v2\/pages\/51\/revisions\/53"}],"wp:attachment":[{"href":"https:\/\/meteogeek.com\/en\/wp-json\/wp\/v2\/media?parent=51"}],"curies":[{"name":"wp","href":"https:\/\/api.w.org\/{rel}","templated":true}]}}